{"id":90,"date":"2018-10-31T17:54:54","date_gmt":"2018-10-31T16:54:54","guid":{"rendered":"http:\/\/www.lingvist.de\/?page_id=90"},"modified":"2019-12-18T21:16:15","modified_gmt":"2019-12-18T20:16:15","slug":"apostillen","status":"publish","type":"page","link":"http:\/\/www.lingvist.de\/?page_id=90","title":{"rendered":"Apostillen"},"content":{"rendered":"<p>Wenn Sie bei Beh\u00f6rden im deutschsprachigen Raum Urkunden vorlegen m\u00fcssen, werden Sie meistens nach apostillierten Urkunden gefragt.<\/p>\n<p>Mehr zu diesem Thema k\u00f6nnen Sie in meinem Blog\u00a0<a href=\"http:\/\/www.nr-translation.de\/?p=283\">nachlesen<\/a>.<\/p>\n<p>Falls Sie eine Apostille auf eine Urkunde ben\u00f6tigen, setzen Sie sich gerne mit mir in Verbindung: <a href=\"mailto:info@lingvist.de\">schreiben<\/a> Sie mir\u00a0 oder rufen Sie mich an +49 40 630561.<\/p>\n","protected":false},"excerpt":{"rendered":"<p>Wenn Sie bei Beh\u00f6rden im deutschsprachigen Raum Urkunden vorlegen m\u00fcssen, werden Sie meistens nach apostillierten Urkunden gefragt. Mehr zu diesem Thema k\u00f6nnen Sie in meinem Blog\u00a0nachlesen. Falls Sie eine Apostille &#8230;<\/p>\n","protected":false},"author":1,"featured_media":0,"parent":0,"menu_order":0,"comment_status":"closed","ping_status":"closed","template":"","meta":[],"_links":{"self":[{"href":"http:\/\/www.lingvist.de\/index.php?rest_route=\/wp\/v2\/pages\/90"}],"collection":[{"href":"http:\/\/www.lingvist.de\/index.php?rest_route=\/wp\/v2\/pages"}],"about":[{"href":"http:\/\/www.lingvist.de\/index.php?rest_route=\/wp\/v2\/types\/page"}],"author":[{"embeddable":true,"href":"http:\/\/www.lingvist.de\/index.php?rest_route=\/wp\/v2\/users\/1"}],"replies":[{"embeddable":true,"href":"http:\/\/www.lingvist.de\/index.php?rest_route=%2Fwp%2Fv2%2Fcomments&post=90"}],"version-history":[{"count":6,"href":"http:\/\/www.lingvist.de\/index.php?rest_route=\/wp\/v2\/pages\/90\/revisions"}],"predecessor-version":[{"id":188,"href":"http:\/\/www.lingvist.de\/index.php?rest_route=\/wp\/v2\/pages\/90\/revisions\/188"}],"wp:attachment":[{"href":"http:\/\/www.lingvist.de\/index.php?rest_route=%2Fwp%2Fv2%2Fmedia&parent=90"}],"curies":[{"name":"wp","href":"https:\/\/api.w.org\/{rel}","templated":true}]}}