{"id":210,"date":"2021-03-09T16:25:01","date_gmt":"2021-03-09T15:25:01","guid":{"rendered":"http:\/\/www.lingvist.de\/?page_id=210"},"modified":"2021-03-09T16:25:01","modified_gmt":"2021-03-09T15:25:01","slug":"spezialisierte-texte","status":"publish","type":"page","link":"https:\/\/www.lingvist.de\/?page_id=210","title":{"rendered":"Spezialisierte Texte"},"content":{"rendered":"<p>Arbeit mit spezialisierten Texten erfordert engspezialisierte Fachkenntnisse, die nur erfahrene und hochqualifizierte \u00dcbersetzer besitzen k\u00f6nnen. Nicht ohne Grund sind in vielen Firmen \u00dcbersetzer mit einer zweiten nicht linguistischen Ausbildung so erw\u00fcnscht. Im Laufe der Jahre habe ich mich auf folgende Fachgebiete spezialisiert:<\/p>\n<ul>\n<li><em>Wirtschaft<\/em><\/li>\n<li><em>Recht<\/em><\/li>\n<li><em>Medizin\u00a0<\/em><\/li>\n<li><em>Mode und Design einschl. Textilindustrie<\/em><\/li>\n<\/ul>\n","protected":false},"excerpt":{"rendered":"<p>Arbeit mit spezialisierten Texten erfordert engspezialisierte Fachkenntnisse, die nur erfahrene und hochqualifizierte \u00dcbersetzer besitzen k\u00f6nnen. Nicht ohne Grund sind in vielen Firmen \u00dcbersetzer mit einer zweiten nicht linguistischen Ausbildung so &#8230;<\/p>\n","protected":false},"author":1,"featured_media":0,"parent":0,"menu_order":0,"comment_status":"closed","ping_status":"closed","template":"","meta":[],"_links":{"self":[{"href":"https:\/\/www.lingvist.de\/index.php?rest_route=\/wp\/v2\/pages\/210"}],"collection":[{"href":"https:\/\/www.lingvist.de\/index.php?rest_route=\/wp\/v2\/pages"}],"about":[{"href":"https:\/\/www.lingvist.de\/index.php?rest_route=\/wp\/v2\/types\/page"}],"author":[{"embeddable":true,"href":"https:\/\/www.lingvist.de\/index.php?rest_route=\/wp\/v2\/users\/1"}],"replies":[{"embeddable":true,"href":"https:\/\/www.lingvist.de\/index.php?rest_route=%2Fwp%2Fv2%2Fcomments&post=210"}],"version-history":[{"count":1,"href":"https:\/\/www.lingvist.de\/index.php?rest_route=\/wp\/v2\/pages\/210\/revisions"}],"predecessor-version":[{"id":212,"href":"https:\/\/www.lingvist.de\/index.php?rest_route=\/wp\/v2\/pages\/210\/revisions\/212"}],"wp:attachment":[{"href":"https:\/\/www.lingvist.de\/index.php?rest_route=%2Fwp%2Fv2%2Fmedia&parent=210"}],"curies":[{"name":"wp","href":"https:\/\/api.w.org\/{rel}","templated":true}]}}