{"id":217,"date":"2021-03-09T16:27:11","date_gmt":"2021-03-09T15:27:11","guid":{"rendered":"http:\/\/www.lingvist.de\/?page_id=217"},"modified":"2021-03-09T16:27:11","modified_gmt":"2021-03-09T15:27:11","slug":"wirtschaft","status":"publish","type":"page","link":"https:\/\/www.lingvist.de\/?page_id=217","title":{"rendered":"Wirtschaft"},"content":{"rendered":"<p>Beglaubigte \u00dcbersetzungen von<\/p>\n<ul>\n<li>Buchf\u00fchrungen,<\/li>\n<li>Bilanzen, Jahresbilanzen,<\/li>\n<li>Deklarationen,<\/li>\n<li>Steuererkl\u00e4rungen,<\/li>\n<li>Audits,<\/li>\n<li>Bankdokumentation, Ausz\u00fcge, Bescheinigungen,<\/li>\n<\/ul>\n<p>usw.<\/p>\n","protected":false},"excerpt":{"rendered":"<p>Beglaubigte \u00dcbersetzungen von Buchf\u00fchrungen, Bilanzen, Jahresbilanzen, Deklarationen, Steuererkl\u00e4rungen, Audits, Bankdokumentation, Ausz\u00fcge, Bescheinigungen, usw.<\/p>\n","protected":false},"author":1,"featured_media":0,"parent":0,"menu_order":0,"comment_status":"closed","ping_status":"closed","template":"","meta":[],"_links":{"self":[{"href":"https:\/\/www.lingvist.de\/index.php?rest_route=\/wp\/v2\/pages\/217"}],"collection":[{"href":"https:\/\/www.lingvist.de\/index.php?rest_route=\/wp\/v2\/pages"}],"about":[{"href":"https:\/\/www.lingvist.de\/index.php?rest_route=\/wp\/v2\/types\/page"}],"author":[{"embeddable":true,"href":"https:\/\/www.lingvist.de\/index.php?rest_route=\/wp\/v2\/users\/1"}],"replies":[{"embeddable":true,"href":"https:\/\/www.lingvist.de\/index.php?rest_route=%2Fwp%2Fv2%2Fcomments&post=217"}],"version-history":[{"count":1,"href":"https:\/\/www.lingvist.de\/index.php?rest_route=\/wp\/v2\/pages\/217\/revisions"}],"predecessor-version":[{"id":219,"href":"https:\/\/www.lingvist.de\/index.php?rest_route=\/wp\/v2\/pages\/217\/revisions\/219"}],"wp:attachment":[{"href":"https:\/\/www.lingvist.de\/index.php?rest_route=%2Fwp%2Fv2%2Fmedia&parent=217"}],"curies":[{"name":"wp","href":"https:\/\/api.w.org\/{rel}","templated":true}]}}