{"id":220,"date":"2021-03-09T16:28:09","date_gmt":"2021-03-09T15:28:09","guid":{"rendered":"http:\/\/www.lingvist.de\/?page_id=220"},"modified":"2021-03-09T16:28:09","modified_gmt":"2021-03-09T15:28:09","slug":"recht","status":"publish","type":"page","link":"https:\/\/www.lingvist.de\/?page_id=220","title":{"rendered":"Recht"},"content":{"rendered":"<ul>\n<li>Gerichtsurteile,<\/li>\n<li>Klagen,<\/li>\n<li>Verkaufsvertr\u00e4ge,<\/li>\n<li>Gesch\u00e4ftsvertr\u00e4ge,<\/li>\n<li>Testamente,<\/li>\n<li>Verzichtserkl\u00e4rungen,<\/li>\n<li>Vollmachten,<\/li>\n<li>Ehevertr\u00e4ge,<\/li>\n<li>Immobilienkaufvertr\u00e4ge<\/li>\n<li>Geldschenkung und andere<\/li>\n<\/ul>\n","protected":false},"excerpt":{"rendered":"<p>Gerichtsurteile, Klagen, Verkaufsvertr\u00e4ge, Gesch\u00e4ftsvertr\u00e4ge, Testamente, Verzichtserkl\u00e4rungen, Vollmachten, Ehevertr\u00e4ge, Immobilienkaufvertr\u00e4ge Geldschenkung und andere<\/p>\n","protected":false},"author":1,"featured_media":0,"parent":0,"menu_order":0,"comment_status":"closed","ping_status":"closed","template":"","meta":[],"_links":{"self":[{"href":"https:\/\/www.lingvist.de\/index.php?rest_route=\/wp\/v2\/pages\/220"}],"collection":[{"href":"https:\/\/www.lingvist.de\/index.php?rest_route=\/wp\/v2\/pages"}],"about":[{"href":"https:\/\/www.lingvist.de\/index.php?rest_route=\/wp\/v2\/types\/page"}],"author":[{"embeddable":true,"href":"https:\/\/www.lingvist.de\/index.php?rest_route=\/wp\/v2\/users\/1"}],"replies":[{"embeddable":true,"href":"https:\/\/www.lingvist.de\/index.php?rest_route=%2Fwp%2Fv2%2Fcomments&post=220"}],"version-history":[{"count":1,"href":"https:\/\/www.lingvist.de\/index.php?rest_route=\/wp\/v2\/pages\/220\/revisions"}],"predecessor-version":[{"id":222,"href":"https:\/\/www.lingvist.de\/index.php?rest_route=\/wp\/v2\/pages\/220\/revisions\/222"}],"wp:attachment":[{"href":"https:\/\/www.lingvist.de\/index.php?rest_route=%2Fwp%2Fv2%2Fmedia&parent=220"}],"curies":[{"name":"wp","href":"https:\/\/api.w.org\/{rel}","templated":true}]}}