{"id":223,"date":"2021-03-09T16:28:45","date_gmt":"2021-03-09T15:28:45","guid":{"rendered":"http:\/\/www.lingvist.de\/?page_id=223"},"modified":"2021-03-09T16:28:45","modified_gmt":"2021-03-09T15:28:45","slug":"medizin","status":"publish","type":"page","link":"https:\/\/www.lingvist.de\/?page_id=223","title":{"rendered":"Medizin"},"content":{"rendered":"<ul>\n<li>Krankheitsgeschichten,<\/li>\n<li>Epikrisen,<\/li>\n<li>Expertisen,<\/li>\n<li>Rezepte,<\/li>\n<li>Impfp\u00e4sse,<\/li>\n<li>Gebrauchsanweisungen f\u00fcr medizinische Ausr\u00fcstung,<\/li>\n<li>Beschreibungen f\u00fcr medizinische Pr\u00e4parate<\/li>\n<\/ul>\n<p>usw.<\/p>\n","protected":false},"excerpt":{"rendered":"<p>Krankheitsgeschichten, Epikrisen, Expertisen, Rezepte, Impfp\u00e4sse, Gebrauchsanweisungen f\u00fcr medizinische Ausr\u00fcstung, Beschreibungen f\u00fcr medizinische Pr\u00e4parate usw.<\/p>\n","protected":false},"author":1,"featured_media":0,"parent":0,"menu_order":0,"comment_status":"closed","ping_status":"closed","template":"","meta":[],"_links":{"self":[{"href":"https:\/\/www.lingvist.de\/index.php?rest_route=\/wp\/v2\/pages\/223"}],"collection":[{"href":"https:\/\/www.lingvist.de\/index.php?rest_route=\/wp\/v2\/pages"}],"about":[{"href":"https:\/\/www.lingvist.de\/index.php?rest_route=\/wp\/v2\/types\/page"}],"author":[{"embeddable":true,"href":"https:\/\/www.lingvist.de\/index.php?rest_route=\/wp\/v2\/users\/1"}],"replies":[{"embeddable":true,"href":"https:\/\/www.lingvist.de\/index.php?rest_route=%2Fwp%2Fv2%2Fcomments&post=223"}],"version-history":[{"count":1,"href":"https:\/\/www.lingvist.de\/index.php?rest_route=\/wp\/v2\/pages\/223\/revisions"}],"predecessor-version":[{"id":225,"href":"https:\/\/www.lingvist.de\/index.php?rest_route=\/wp\/v2\/pages\/223\/revisions\/225"}],"wp:attachment":[{"href":"https:\/\/www.lingvist.de\/index.php?rest_route=%2Fwp%2Fv2%2Fmedia&parent=223"}],"curies":[{"name":"wp","href":"https:\/\/api.w.org\/{rel}","templated":true}]}}