{"id":25,"date":"2018-10-26T14:22:14","date_gmt":"2018-10-26T12:22:14","guid":{"rendered":"http:\/\/www.lingvist.de\/home\/"},"modified":"2021-03-11T09:50:08","modified_gmt":"2021-03-11T08:50:08","slug":"home","status":"publish","type":"page","link":"https:\/\/www.lingvist.de\/","title":{"rendered":"Home"},"content":{"rendered":"\n<p><em>Das Schicksal der Welt h\u00e4ngt in erster Linie von den Staatsm\u00e4nnern ab, in zweiter Linie von den Dolmetschern. <\/em><\/p>\n\n\n\n<p><em>Trygve Lie, erster UNO-Generalsekret\u00e4r <\/em><\/p>\n\n\n<p>Seit \u00fcber 30 Jahren steht das \u00dcbersetzungsb\u00fcro LINGVIST im Dienste der Verst\u00e4ndigung zwischen Menschen und Staaten im direktesten Sinne dieses Wortes. \u00abAuch wenn wir bei unserer Arbeit meist unsichtbar sind oder unauff\u00e4llig einen Schritt hinter den M\u00e4chtigen und Machern dieser Welt laufen, sind wir es, die ihnen international eine Stimme geben und ihre Worte richtig ankommen lassen\u00bb. Als \u00dcbersetzungsb\u00fcro f\u00fcr Deutsch, Russisch und Englisch leisten wir unseren Beitrag auch zur Freundschaft und Zusammenarbeit, zur Pflege beider Sprachen, Kulturen und Traditionen, zur Integration und F\u00f6rderung Russischsprachiger in Deutschland, d.h. zur Verbindung unserer beiden Ufer bei stetem Blick auf aktuelle Seekarten und der Kunst des <em>\u00dcber-Setzens. <\/em><\/p>","protected":false},"excerpt":{"rendered":"<p>Das Schicksal der Welt h\u00e4ngt in erster Linie von den Staatsm\u00e4nnern ab, in zweiter Linie von den Dolmetschern. Trygve Lie, erster UNO-Generalsekret\u00e4r Seit \u00fcber 30 Jahren steht das \u00dcbersetzungsb\u00fcro LINGVIST &#8230;<\/p>\n","protected":false},"author":1,"featured_media":0,"parent":0,"menu_order":0,"comment_status":"closed","ping_status":"closed","template":"","meta":[],"_links":{"self":[{"href":"https:\/\/www.lingvist.de\/index.php?rest_route=\/wp\/v2\/pages\/25"}],"collection":[{"href":"https:\/\/www.lingvist.de\/index.php?rest_route=\/wp\/v2\/pages"}],"about":[{"href":"https:\/\/www.lingvist.de\/index.php?rest_route=\/wp\/v2\/types\/page"}],"author":[{"embeddable":true,"href":"https:\/\/www.lingvist.de\/index.php?rest_route=\/wp\/v2\/users\/1"}],"replies":[{"embeddable":true,"href":"https:\/\/www.lingvist.de\/index.php?rest_route=%2Fwp%2Fv2%2Fcomments&post=25"}],"version-history":[{"count":6,"href":"https:\/\/www.lingvist.de\/index.php?rest_route=\/wp\/v2\/pages\/25\/revisions"}],"predecessor-version":[{"id":255,"href":"https:\/\/www.lingvist.de\/index.php?rest_route=\/wp\/v2\/pages\/25\/revisions\/255"}],"wp:attachment":[{"href":"https:\/\/www.lingvist.de\/index.php?rest_route=%2Fwp%2Fv2%2Fmedia&parent=25"}],"curies":[{"name":"wp","href":"https:\/\/api.w.org\/{rel}","templated":true}]}}