{"id":27,"date":"2018-10-26T14:22:14","date_gmt":"2018-10-26T12:22:14","guid":{"rendered":"http:\/\/www.lingvist.de\/contact\/"},"modified":"2024-02-29T10:01:44","modified_gmt":"2024-02-29T09:01:44","slug":"contact","status":"publish","type":"page","link":"https:\/\/www.lingvist.de\/?page_id=27","title":{"rendered":"Kontakt"},"content":{"rendered":"<p>Natalja Eckert<\/p>\n<p>Vereidigte \u00dcbersetzerin f\u00fcr die russische Sprache (Beh\u00f6rde f\u00fcr Inneres und Sport Hamburg)<\/p>\n<p>Telefon:<\/p>\n<p>+49 40 6304561<\/p>\n<p>+49 40 39 99 21 21<\/p>\n<p>\u00d6ffnungszeiten:<\/p>\n<p>Mo-Do<\/p>\n<p>10:00-13:00<\/p>\n<p>14:00-17:00<\/p>\n<p>E-Mail: info@lingvist.de<\/p>\n<p>Postanschrift:<\/p>\n<p>Natalja Eckert<\/p>\n<p>\u00dcbersetzungsb\u00fcro<\/p>\n<p>Kaiser-Wilhelm-Str. 89<\/p>\n<p>20355 Hamburg<\/p>\n","protected":false},"excerpt":{"rendered":"<p>Natalja Eckert Vereidigte \u00dcbersetzerin f\u00fcr die russische Sprache (Beh\u00f6rde f\u00fcr Inneres und Sport Hamburg) Telefon: +49 40 6304561 +49 40 39 99 21 21 \u00d6ffnungszeiten: Mo-Do 10:00-13:00 14:00-17:00 E-Mail: info@lingvist.de &#8230;<\/p>\n","protected":false},"author":1,"featured_media":0,"parent":0,"menu_order":0,"comment_status":"closed","ping_status":"closed","template":"","meta":[],"_links":{"self":[{"href":"https:\/\/www.lingvist.de\/index.php?rest_route=\/wp\/v2\/pages\/27"}],"collection":[{"href":"https:\/\/www.lingvist.de\/index.php?rest_route=\/wp\/v2\/pages"}],"about":[{"href":"https:\/\/www.lingvist.de\/index.php?rest_route=\/wp\/v2\/types\/page"}],"author":[{"embeddable":true,"href":"https:\/\/www.lingvist.de\/index.php?rest_route=\/wp\/v2\/users\/1"}],"replies":[{"embeddable":true,"href":"https:\/\/www.lingvist.de\/index.php?rest_route=%2Fwp%2Fv2%2Fcomments&post=27"}],"version-history":[{"count":9,"href":"https:\/\/www.lingvist.de\/index.php?rest_route=\/wp\/v2\/pages\/27\/revisions"}],"predecessor-version":[{"id":258,"href":"https:\/\/www.lingvist.de\/index.php?rest_route=\/wp\/v2\/pages\/27\/revisions\/258"}],"wp:attachment":[{"href":"https:\/\/www.lingvist.de\/index.php?rest_route=%2Fwp%2Fv2%2Fmedia&parent=27"}],"curies":[{"name":"wp","href":"https:\/\/api.w.org\/{rel}","templated":true}]}}