{"id":28,"date":"2018-10-26T14:22:14","date_gmt":"2018-10-26T12:22:14","guid":{"rendered":"http:\/\/www.lingvist.de\/portfolio\/"},"modified":"2019-01-28T16:39:03","modified_gmt":"2019-01-28T15:39:03","slug":"portfolio","status":"publish","type":"page","link":"https:\/\/www.lingvist.de\/?page_id=28","title":{"rendered":"Beglaubigte \u00dcbersetzungen"},"content":{"rendered":"<p>Sie ben\u00f6tigen eine beglaubigte \u00dcbersetzung zur Vorlage bei Beh\u00f6rden?<\/p>\n<p>Ich biete Ihnen beglaubigte \u00dcbersetzungen in den Sprachen Deutsch, Russisch, Englisch, Ukrainisch und Kasachisch an und \u00fcbersetze f\u00fcr Sie<\/p>\n<ul>\n<li>Diplome einschlie\u00dflich Anlagen<\/li>\n<li>Arbeitsb\u00fccher<\/li>\n<li>Personenstandsurkunden (Geburtsurkunden, Heiratsurkunden, Scheidungsurkunden, Sterbeurkunden, Namens\u00e4nderungsurkunden usw.)<\/li>\n<li>Jegliche Arten von Vertr\u00e4gen (Gesellschaftsvertr\u00e4ge, Ehevertr\u00e4ge, Gr\u00fcndungsvertr\u00e4ge, Satzungen etc.)<\/li>\n<li>Handelsregisterbuchausz\u00fcge<\/li>\n<li>und vieles mehr.<\/li>\n<\/ul>\n<p><a href=\"mailto:info@lingvist.de\">Schreiben<\/a> Sie mir oder rufen Sie mich an +4940 6304561!<\/p>\n","protected":false},"excerpt":{"rendered":"<p>Sie ben\u00f6tigen eine beglaubigte \u00dcbersetzung zur Vorlage bei Beh\u00f6rden? Ich biete Ihnen beglaubigte \u00dcbersetzungen in den Sprachen Deutsch, Russisch, Englisch, Ukrainisch und Kasachisch an und \u00fcbersetze f\u00fcr Sie Diplome einschlie\u00dflich &#8230;<\/p>\n","protected":false},"author":1,"featured_media":0,"parent":0,"menu_order":0,"comment_status":"closed","ping_status":"closed","template":"template\/template-page-full-width.php","meta":[],"_links":{"self":[{"href":"https:\/\/www.lingvist.de\/index.php?rest_route=\/wp\/v2\/pages\/28"}],"collection":[{"href":"https:\/\/www.lingvist.de\/index.php?rest_route=\/wp\/v2\/pages"}],"about":[{"href":"https:\/\/www.lingvist.de\/index.php?rest_route=\/wp\/v2\/types\/page"}],"author":[{"embeddable":true,"href":"https:\/\/www.lingvist.de\/index.php?rest_route=\/wp\/v2\/users\/1"}],"replies":[{"embeddable":true,"href":"https:\/\/www.lingvist.de\/index.php?rest_route=%2Fwp%2Fv2%2Fcomments&post=28"}],"version-history":[{"count":5,"href":"https:\/\/www.lingvist.de\/index.php?rest_route=\/wp\/v2\/pages\/28\/revisions"}],"predecessor-version":[{"id":178,"href":"https:\/\/www.lingvist.de\/index.php?rest_route=\/wp\/v2\/pages\/28\/revisions\/178"}],"wp:attachment":[{"href":"https:\/\/www.lingvist.de\/index.php?rest_route=%2Fwp%2Fv2%2Fmedia&parent=28"}],"curies":[{"name":"wp","href":"https:\/\/api.w.org\/{rel}","templated":true}]}}