{"id":92,"date":"2018-10-31T17:55:08","date_gmt":"2018-10-31T16:55:08","guid":{"rendered":"http:\/\/www.lingvist.de\/?page_id=92"},"modified":"2024-02-29T10:02:34","modified_gmt":"2024-02-29T09:02:34","slug":"impressum","status":"publish","type":"page","link":"https:\/\/www.lingvist.de\/?page_id=92","title":{"rendered":"Impressum"},"content":{"rendered":"<p style=\"text-align: left;\">\u00dcbersetzungsb\u00fcro Natalja Eckert<\/p>\n<p style=\"text-align: left;\">Telefon: +49 40 630 45 61<\/p>\n<p style=\"text-align: left;\">E-Mail: <a href=\"mailto:info@lingvist.de\">info@lingvist.de<\/a><\/p>\n<p style=\"text-align: left;\"><em>Postanschrift:<\/em><\/p>\n<p style=\"text-align: left;\">Frau Natalja Eckert<\/p>\n<p style=\"text-align: left;\">\u00dcbersetzungsb\u00fcro<\/p>\n<p style=\"text-align: left;\">Kaiser-Wilhelm-Str. 89<\/p>\n<p style=\"text-align: left;\">20355 Hamburg<\/p>\n<p style=\"text-align: left;\">UST-ID: <a href=\"mailto:webmaster@nr-translation.de\">DE 241 853472<\/a><\/p>\n<div id=\"content\" class=\"site-content\">\n<div class=\"container clearfix\">\n<div id=\"primary\" class=\"content-area\">\n<article id=\"post-44\" class=\"post-44 page type-page status-publish hentry\">\n<div class=\"entry-content\">\n<p>Copyright \u00a9 Natalja Eckert<\/p>\n<p>Alle Inhalte dieser Website, einschlie\u00dflich der Gestaltung und Programmierung unterliegen dem<\/p>\n<p>Urheberrecht (Copyright). Alle Rechte sind mir, als der Herausgeberin vorbehalten, alle Angaben<\/p>\n<p>sind ohne Gew\u00e4hr, \u00c4nderungen vorbehalten. Die Verwendung von Text- und Bildmaterial ist nur<\/p>\n<p>mit meiner Genehmigung zul\u00e4ssig. F\u00fcr die Inhalte der auf den Webseiten eingebundenen Links zu<\/p>\n<p>fremden Webseiten, die von Dritten zu verantworten sind, wird keine wie auch immer geartete<\/p>\n<p>Haftung in Bezug auf deren Inhalte \u00fcbernommen. Ich weise ausdr\u00fccklich darauf hin, dass die<\/p>\n<p>verlinkten Seiten anderer Dienstanbieter nicht \u00fcberwacht oder kontrolliert werden.<\/p>\n<\/div>\n<\/article>\n<\/div>\n<\/div>\n<\/div>\n<p><!--more--><\/p>\n","protected":false},"excerpt":{"rendered":"<p>\u00dcbersetzungsb\u00fcro Natalja Eckert Telefon: +49 40 630 45 61 E-Mail: info@lingvist.de Postanschrift: Frau Natalja Eckert \u00dcbersetzungsb\u00fcro Kaiser-Wilhelm-Str. 89 20355 Hamburg UST-ID: DE 241 853472 Copyright \u00a9 Natalja Eckert Alle Inhalte &#8230;<\/p>\n","protected":false},"author":1,"featured_media":0,"parent":0,"menu_order":0,"comment_status":"closed","ping_status":"closed","template":"","meta":[],"_links":{"self":[{"href":"https:\/\/www.lingvist.de\/index.php?rest_route=\/wp\/v2\/pages\/92"}],"collection":[{"href":"https:\/\/www.lingvist.de\/index.php?rest_route=\/wp\/v2\/pages"}],"about":[{"href":"https:\/\/www.lingvist.de\/index.php?rest_route=\/wp\/v2\/types\/page"}],"author":[{"embeddable":true,"href":"https:\/\/www.lingvist.de\/index.php?rest_route=\/wp\/v2\/users\/1"}],"replies":[{"embeddable":true,"href":"https:\/\/www.lingvist.de\/index.php?rest_route=%2Fwp%2Fv2%2Fcomments&post=92"}],"version-history":[{"count":24,"href":"https:\/\/www.lingvist.de\/index.php?rest_route=\/wp\/v2\/pages\/92\/revisions"}],"predecessor-version":[{"id":259,"href":"https:\/\/www.lingvist.de\/index.php?rest_route=\/wp\/v2\/pages\/92\/revisions\/259"}],"wp:attachment":[{"href":"https:\/\/www.lingvist.de\/index.php?rest_route=%2Fwp%2Fv2%2Fmedia&parent=92"}],"curies":[{"name":"wp","href":"https:\/\/api.w.org\/{rel}","templated":true}]}}